{"id":621,"date":"2024-07-18T22:04:11","date_gmt":"2024-07-18T22:04:11","guid":{"rendered":"https:\/\/agroplastex.com\/about\/"},"modified":"2026-05-07T18:53:37","modified_gmt":"2026-05-07T18:53:37","slug":"empresa","status":"publish","type":"page","link":"https:\/\/agroplastex.com\/?page_id=621","title":{"rendered":"Empresa"},"content":{"rendered":"\t\t<div data-elementor-type=\"wp-post\" data-elementor-id=\"621\" class=\"elementor elementor-621\">\n\t\t\t\t\t\t<section class=\"elementor-section elementor-top-section elementor-element elementor-element-13a93292 elementor-section-boxed elementor-section-height-default elementor-section-height-default\" data-id=\"13a93292\" data-element_type=\"section\" data-settings=\"{&quot;background_background&quot;:&quot;classic&quot;}\">\n\t\t\t\t\t\t\t<div class=\"elementor-background-overlay\"><\/div>\n\t\t\t\t\t\t\t<div class=\"elementor-container elementor-column-gap-default\">\n\t\t\t\t\t<div class=\"elementor-column elementor-col-100 elementor-top-column elementor-element elementor-element-25748b2d\" data-id=\"25748b2d\" data-element_type=\"column\">\n\t\t\t<div class=\"elementor-widget-wrap elementor-element-populated\">\n\t\t\t\t\t\t<div class=\"elementor-element elementor-element-1dca66c4 elementor-widget__width-initial elementor-widget-divider--view-line elementor-widget elementor-widget-divider\" data-id=\"1dca66c4\" data-element_type=\"widget\" data-widget_type=\"divider.default\">\n\t\t\t\t<div class=\"elementor-widget-container\">\n\t\t\t\t\t\t\t<div class=\"elementor-divider\">\n\t\t\t<span class=\"elementor-divider-separator\">\n\t\t\t\t\t\t<\/span>\n\t\t<\/div>\n\t\t\t\t\t\t<\/div>\n\t\t\t\t<\/div>\n\t\t\t\t<div class=\"elementor-element elementor-element-253d822f elementor-widget elementor-widget-heading\" data-id=\"253d822f\" data-element_type=\"widget\" data-widget_type=\"heading.default\">\n\t\t\t\t<div class=\"elementor-widget-container\">\n\t\t\t\t\t<h2 class=\"elementor-heading-title elementor-size-default\">Sobre Nosotros<\/h2>\t\t\t\t<\/div>\n\t\t\t\t<\/div>\n\t\t\t\t\t<\/div>\n\t\t<\/div>\n\t\t\t\t\t<\/div>\n\t\t<\/section>\n\t\t\t\t<section class=\"elementor-section elementor-top-section elementor-element elementor-element-758d8c04 elementor-section-content-middle elementor-section-boxed elementor-section-height-default elementor-section-height-default\" data-id=\"758d8c04\" data-element_type=\"section\" data-settings=\"{&quot;background_background&quot;:&quot;classic&quot;}\">\n\t\t\t\t\t\t<div class=\"elementor-container elementor-column-gap-wide\">\n\t\t\t\t\t<div class=\"elementor-column elementor-col-33 elementor-top-column elementor-element elementor-element-43ba58ae\" data-id=\"43ba58ae\" data-element_type=\"column\">\n\t\t\t<div class=\"elementor-widget-wrap elementor-element-populated\">\n\t\t\t\t\t\t<div class=\"elementor-element elementor-element-82f9958 elementor-widget elementor-widget-image\" data-id=\"82f9958\" data-element_type=\"widget\" data-widget_type=\"image.default\">\n\t\t\t\t<div class=\"elementor-widget-container\">\n\t\t\t\t\t\t\t\t\t\t\t\t\t\t\t<img fetchpriority=\"high\" decoding=\"async\" width=\"439\" height=\"625\" src=\"https:\/\/agroplastex.com\/wp-content\/uploads\/2026\/05\/agro1.jpg\" class=\"attachment-large size-large wp-image-2769\" alt=\"\" srcset=\"https:\/\/agroplastex.com\/wp-content\/uploads\/2026\/05\/agro1.jpg 439w, https:\/\/agroplastex.com\/wp-content\/uploads\/2026\/05\/agro1-211x300.jpg 211w\" sizes=\"(max-width: 439px) 100vw, 439px\" \/>\t\t\t\t\t\t\t\t\t\t\t\t\t\t\t<\/div>\n\t\t\t\t<\/div>\n\t\t\t\t\t<\/div>\n\t\t<\/div>\n\t\t\t\t<div class=\"elementor-column elementor-col-66 elementor-top-column elementor-element elementor-element-15249d1d\" data-id=\"15249d1d\" data-element_type=\"column\">\n\t\t\t<div class=\"elementor-widget-wrap elementor-element-populated\">\n\t\t\t\t\t\t<div class=\"elementor-element elementor-element-13a9b180 elementor-widget elementor-widget-text-editor\" data-id=\"13a9b180\" data-element_type=\"widget\" data-widget_type=\"text-editor.default\">\n\t\t\t\t<div class=\"elementor-widget-container\">\n\t\t\t\t\t\t\t\t\t<p>Somos una <strong>Empresa<\/strong>, especializada en la producci\u00f3n de\u00a0bolsas de polietileno\u00a0y otros materiales de\u00a0empaque. Como fabricantes, nos esforzamos por ofrecer a nuestros clientes productos de alta calidad, <a href=\"https:\/\/agroplastex.com\">Siempre preocupados por el medio ambiente<\/a>.<\/p><p>Desde nuestros inicios, nos hemos enfocado en la innovaci\u00f3n y la mejora continua de nuestros procesos de producci\u00f3n para garantizar la calidad y a su vez la satisfacci\u00f3n de nuestros clientes.<\/p><p>Encuentra con nosotros, todo tipo de <strong>bolsas de pl\u00e1stico o polietileno<\/strong>, nos especializamos en la elaboraci\u00f3n de productos a la medida, ideales para <strong>almacenamiento y empaque<\/strong>, bolsas perfectas para guardar o proteger art\u00edculos. Hacemos entregas en tiempo y forma en toda la Rep\u00fablica Mexicana.<\/p><p>El personal de <strong>Agroplastex<\/strong> est\u00e1 capacitado para cumplir con las normas implementadas en cada servicio, adem\u00e1s, proporcionamos asesor\u00eda e informaci\u00f3n detallada de nuestras <strong>bolsas de pl\u00e1stico<\/strong> cumpliendo con cada requerimiento gracias al uso de equipos modernos con <strong>tecnolog\u00eda de vanguardia<\/strong> y materia prima de excelencia.<\/p>\t\t\t\t\t\t\t\t<\/div>\n\t\t\t\t<\/div>\n\t\t\t\t\t<\/div>\n\t\t<\/div>\n\t\t\t\t\t<\/div>\n\t\t<\/section>\n\t\t\t\t<section class=\"elementor-section elementor-top-section elementor-element elementor-element-401939fb elementor-section-boxed elementor-section-height-default elementor-section-height-default\" data-id=\"401939fb\" data-element_type=\"section\" data-settings=\"{&quot;background_background&quot;:&quot;classic&quot;}\">\n\t\t\t\t\t\t<div class=\"elementor-container elementor-column-gap-wide\">\n\t\t\t\t\t<div class=\"elementor-column elementor-col-100 elementor-top-column elementor-element elementor-element-6ef516d5\" data-id=\"6ef516d5\" data-element_type=\"column\">\n\t\t\t<div class=\"elementor-widget-wrap elementor-element-populated\">\n\t\t\t\t\t\t<div class=\"elementor-element elementor-element-2f07d34 elementor-widget-divider--view-line elementor-widget elementor-widget-divider\" data-id=\"2f07d34\" data-element_type=\"widget\" data-widget_type=\"divider.default\">\n\t\t\t\t<div class=\"elementor-widget-container\">\n\t\t\t\t\t\t\t<div class=\"elementor-divider\">\n\t\t\t<span class=\"elementor-divider-separator\">\n\t\t\t\t\t\t<\/span>\n\t\t<\/div>\n\t\t\t\t\t\t<\/div>\n\t\t\t\t<\/div>\n\t\t\t\t\t<\/div>\n\t\t<\/div>\n\t\t\t\t\t<\/div>\n\t\t<\/section>\n\t\t\t\t<section class=\"elementor-section elementor-top-section elementor-element elementor-element-9835718 elementor-section-boxed elementor-section-height-default elementor-section-height-default\" data-id=\"9835718\" data-element_type=\"section\" data-settings=\"{&quot;background_background&quot;:&quot;classic&quot;}\">\n\t\t\t\t\t\t<div class=\"elementor-container elementor-column-gap-wide\">\n\t\t\t\t\t<div class=\"elementor-column elementor-col-50 elementor-top-column elementor-element elementor-element-6db40a2\" data-id=\"6db40a2\" data-element_type=\"column\">\n\t\t\t<div class=\"elementor-widget-wrap elementor-element-populated\">\n\t\t\t\t\t\t<div class=\"elementor-element elementor-element-29baaefc elementor-widget elementor-widget-heading\" data-id=\"29baaefc\" data-element_type=\"widget\" data-widget_type=\"heading.default\">\n\t\t\t\t<div class=\"elementor-widget-container\">\n\t\t\t\t\t<h2 class=\"elementor-heading-title elementor-size-default\">Mision<\/h2>\t\t\t\t<\/div>\n\t\t\t\t<\/div>\n\t\t\t\t<div class=\"elementor-element elementor-element-29bdfd1d elementor-widget elementor-widget-text-editor\" data-id=\"29bdfd1d\" data-element_type=\"widget\" data-widget_type=\"text-editor.default\">\n\t\t\t\t<div class=\"elementor-widget-container\">\n\t\t\t\t\t\t\t\t\t<div id=\"comp-l3moww9t1\" class=\"HcOXKn c9GqVL QxJLC3 comp-l3moww9t1 wixui-rich-text\" data-testid=\"richTextElement\"><h5 class=\"font_0 wixui-rich-text__text\"><span class=\"wixui-rich-text__text\"><span class=\"color_15 wixui-rich-text__text\">Buscamos la satisfacci\u00f3n total de nuestros clientes ofreci\u00e9ndoles productos y servicios de la m\u00e1s alta calidad, logr\u00e1ndolo mediante el cumplimiento de metas y objetivos, mejora continua de nuestros <\/span>procesos, investigaci\u00f3n e innovaci\u00f3n<span class=\"color_15 wixui-rich-text__text\"> de nuevos y mejores productos, as\u00ed como brindando un servicio post-venta que nos permitan estar en la vanguardia de la industria.<\/span><\/span><\/h5><\/div>\t\t\t\t\t\t\t\t<\/div>\n\t\t\t\t<\/div>\n\t\t\t\t\t<\/div>\n\t\t<\/div>\n\t\t\t\t<div class=\"elementor-column elementor-col-50 elementor-top-column elementor-element elementor-element-e1831df\" data-id=\"e1831df\" data-element_type=\"column\">\n\t\t\t<div class=\"elementor-widget-wrap elementor-element-populated\">\n\t\t\t\t\t\t<div class=\"elementor-element elementor-element-cfb2704 elementor-widget elementor-widget-heading\" data-id=\"cfb2704\" data-element_type=\"widget\" data-widget_type=\"heading.default\">\n\t\t\t\t<div class=\"elementor-widget-container\">\n\t\t\t\t\t<h2 class=\"elementor-heading-title elementor-size-default\">Vision<\/h2>\t\t\t\t<\/div>\n\t\t\t\t<\/div>\n\t\t\t\t<div class=\"elementor-element elementor-element-f849dfe elementor-widget elementor-widget-text-editor\" data-id=\"f849dfe\" data-element_type=\"widget\" data-widget_type=\"text-editor.default\">\n\t\t\t\t<div class=\"elementor-widget-container\">\n\t\t\t\t\t\t\t\t\t<h5>Ser la empresa elegida por la calidad de nuestros insumos y empaques de plastico y reconocida por la calidad humana y profesional de nuestra gente y por nuestra contribucion a la comunidad. En nuestra empresa contribuimos al con el bienestar a la sociedad brindando y ofreciendo productos y servicios que ayuden a mejorar el cambio climatico.<\/h5>\t\t\t\t\t\t\t\t<\/div>\n\t\t\t\t<\/div>\n\t\t\t\t\t<\/div>\n\t\t<\/div>\n\t\t\t\t\t<\/div>\n\t\t<\/section>\n\t\t\t\t<\/div>\n\t\t","protected":false},"excerpt":{"rendered":"<p>Sobre Nosotros Somos una Empresa, especializada en la producci\u00f3n de\u00a0bolsas de polietileno\u00a0y otros materiales de\u00a0empaque. Como fabricantes, nos esforzamos por ofrecer a nuestros clientes productos de alta calidad, Siempre preocupados por el medio ambiente. Desde nuestros inicios, nos hemos enfocado en la innovaci\u00f3n y la mejora continua de nuestros procesos de producci\u00f3n para garantizar la [&hellip;]<\/p>\n","protected":false},"author":1,"featured_media":0,"parent":0,"menu_order":0,"comment_status":"closed","ping_status":"closed","template":"","meta":{"site-sidebar-layout":"no-sidebar","site-content-layout":"page-builder","ast-site-content-layout":"full-width-container","site-content-style":"unboxed","site-sidebar-style":"unboxed","ast-global-header-display":"","ast-banner-title-visibility":"","ast-main-header-display":"","ast-hfb-above-header-display":"","ast-hfb-below-header-display":"","ast-hfb-mobile-header-display":"","site-post-title":"disabled","ast-breadcrumbs-content":"","ast-featured-img":"disabled","footer-sml-layout":"","theme-transparent-header-meta":"default","adv-header-id-meta":"","stick-header-meta":"","header-above-stick-meta":"","header-main-stick-meta":"","header-below-stick-meta":"","astra-migrate-meta-layouts":"set","ast-page-background-enabled":"default","ast-page-background-meta":{"desktop":{"background-color":"","background-image":"","background-repeat":"repeat","background-position":"center center","background-size":"auto","background-attachment":"scroll","background-type":"","background-media":"","overlay-type":"","overlay-color":"","overlay-opacity":"","overlay-gradient":""},"tablet":{"background-color":"","background-image":"","background-repeat":"repeat","background-position":"center center","background-size":"auto","background-attachment":"scroll","background-type":"","background-media":"","overlay-type":"","overlay-color":"","overlay-opacity":"","overlay-gradient":""},"mobile":{"background-color":"","background-image":"","background-repeat":"repeat","background-position":"center center","background-size":"auto","background-attachment":"scroll","background-type":"","background-media":"","overlay-type":"","overlay-color":"","overlay-opacity":"","overlay-gradient":""}},"ast-content-background-meta":{"desktop":{"background-color":"var(--ast-global-color-5)","background-image":"","background-repeat":"repeat","background-position":"center center","background-size":"auto","background-attachment":"scroll","background-type":"","background-media":"","overlay-type":"","overlay-color":"","overlay-opacity":"","overlay-gradient":""},"tablet":{"background-color":"var(--ast-global-color-5)","background-image":"","background-repeat":"repeat","background-position":"center center","background-size":"auto","background-attachment":"scroll","background-type":"","background-media":"","overlay-type":"","overlay-color":"","overlay-opacity":"","overlay-gradient":""},"mobile":{"background-color":"var(--ast-global-color-5)","background-image":"","background-repeat":"repeat","background-position":"center center","background-size":"auto","background-attachment":"scroll","background-type":"","background-media":"","overlay-type":"","overlay-color":"","overlay-opacity":"","overlay-gradient":""}},"footnotes":""},"class_list":["post-621","page","type-page","status-publish","hentry"],"yoast_head":"<!-- This site is optimized with the Yoast SEO plugin v23.0 - https:\/\/yoast.com\/wordpress\/plugins\/seo\/ -->\n<title>Empresa - Quienes Somos<\/title>\n<meta name=\"description\" content=\"Somos una f\u00e1brica de bolsas de pl\u00e1stico, especializada en la producci\u00f3n de bolsas de polietileno y otros materiales de empaque y embalaje.\" \/>\n<meta name=\"robots\" content=\"index, follow, max-snippet:-1, max-image-preview:large, max-video-preview:-1\" \/>\n<link rel=\"canonical\" href=\"https:\/\/agroplastex.com\/?page_id=621\" \/>\n<meta property=\"og:locale\" content=\"es_ES\" \/>\n<meta property=\"og:type\" content=\"article\" \/>\n<meta property=\"og:title\" content=\"Empresa - Quienes Somos\" \/>\n<meta property=\"og:description\" content=\"Somos una f\u00e1brica de bolsas de pl\u00e1stico, especializada en la producci\u00f3n de bolsas de polietileno y otros materiales de empaque y embalaje.\" \/>\n<meta property=\"og:url\" content=\"https:\/\/agroplastex.com\/?page_id=621\" \/>\n<meta property=\"article:modified_time\" content=\"2026-05-07T18:53:37+00:00\" \/>\n<meta property=\"og:image\" content=\"http:\/\/agroplastex.com\/wp-content\/uploads\/2026\/05\/agro1.jpg\" \/>\n<meta name=\"twitter:card\" content=\"summary_large_image\" \/>\n<meta name=\"twitter:label1\" content=\"Tiempo de lectura\" \/>\n\t<meta name=\"twitter:data1\" content=\"2 minutos\" \/>\n<script type=\"application\/ld+json\" class=\"yoast-schema-graph\">{\"@context\":\"https:\/\/schema.org\",\"@graph\":[{\"@type\":\"WebPage\",\"@id\":\"https:\/\/agroplastex.com\/?page_id=621\",\"url\":\"https:\/\/agroplastex.com\/?page_id=621\",\"name\":\"Empresa - Quienes Somos\",\"isPartOf\":{\"@id\":\"https:\/\/agroplastex.com\/#website\"},\"primaryImageOfPage\":{\"@id\":\"https:\/\/agroplastex.com\/?page_id=621#primaryimage\"},\"image\":{\"@id\":\"https:\/\/agroplastex.com\/?page_id=621#primaryimage\"},\"thumbnailUrl\":\"http:\/\/agroplastex.com\/wp-content\/uploads\/2026\/05\/agro1.jpg\",\"datePublished\":\"2024-07-18T22:04:11+00:00\",\"dateModified\":\"2026-05-07T18:53:37+00:00\",\"description\":\"Somos una f\u00e1brica de bolsas de pl\u00e1stico, especializada en la producci\u00f3n de bolsas de polietileno y otros materiales de empaque y embalaje.\",\"breadcrumb\":{\"@id\":\"https:\/\/agroplastex.com\/?page_id=621#breadcrumb\"},\"inLanguage\":\"es\",\"potentialAction\":[{\"@type\":\"ReadAction\",\"target\":[\"https:\/\/agroplastex.com\/?page_id=621\"]}]},{\"@type\":\"ImageObject\",\"inLanguage\":\"es\",\"@id\":\"https:\/\/agroplastex.com\/?page_id=621#primaryimage\",\"url\":\"https:\/\/agroplastex.com\/wp-content\/uploads\/2026\/05\/agro1.jpg\",\"contentUrl\":\"https:\/\/agroplastex.com\/wp-content\/uploads\/2026\/05\/agro1.jpg\",\"width\":439,\"height\":625},{\"@type\":\"BreadcrumbList\",\"@id\":\"https:\/\/agroplastex.com\/?page_id=621#breadcrumb\",\"itemListElement\":[{\"@type\":\"ListItem\",\"position\":1,\"name\":\"Portada\",\"item\":\"https:\/\/agroplastex.com\/\"},{\"@type\":\"ListItem\",\"position\":2,\"name\":\"Empresa\"}]},{\"@type\":\"WebSite\",\"@id\":\"https:\/\/agroplastex.com\/#website\",\"url\":\"https:\/\/agroplastex.com\/\",\"name\":\"Agroplastex\",\"description\":\"\",\"publisher\":{\"@id\":\"https:\/\/agroplastex.com\/#organization\"},\"potentialAction\":[{\"@type\":\"SearchAction\",\"target\":{\"@type\":\"EntryPoint\",\"urlTemplate\":\"https:\/\/agroplastex.com\/?s={search_term_string}\"},\"query-input\":\"required name=search_term_string\"}],\"inLanguage\":\"es\"},{\"@type\":\"Organization\",\"@id\":\"https:\/\/agroplastex.com\/#organization\",\"name\":\"Agroplastex\",\"url\":\"https:\/\/agroplastex.com\/\",\"logo\":{\"@type\":\"ImageObject\",\"inLanguage\":\"es\",\"@id\":\"https:\/\/agroplastex.com\/#\/schema\/logo\/image\/\",\"url\":\"https:\/\/agroplastex.com\/wp-content\/uploads\/2024\/07\/cropped-agroplastex_logo2.jpg\",\"contentUrl\":\"https:\/\/agroplastex.com\/wp-content\/uploads\/2024\/07\/cropped-agroplastex_logo2.jpg\",\"width\":475,\"height\":112,\"caption\":\"Agroplastex\"},\"image\":{\"@id\":\"https:\/\/agroplastex.com\/#\/schema\/logo\/image\/\"}}]}<\/script>\n<!-- \/ Yoast SEO plugin. -->","yoast_head_json":{"title":"Empresa - Quienes Somos","description":"Somos una f\u00e1brica de bolsas de pl\u00e1stico, especializada en la producci\u00f3n de bolsas de polietileno y otros materiales de empaque y embalaje.","robots":{"index":"index","follow":"follow","max-snippet":"max-snippet:-1","max-image-preview":"max-image-preview:large","max-video-preview":"max-video-preview:-1"},"canonical":"https:\/\/agroplastex.com\/?page_id=621","og_locale":"es_ES","og_type":"article","og_title":"Empresa - Quienes Somos","og_description":"Somos una f\u00e1brica de bolsas de pl\u00e1stico, especializada en la producci\u00f3n de bolsas de polietileno y otros materiales de empaque y embalaje.","og_url":"https:\/\/agroplastex.com\/?page_id=621","article_modified_time":"2026-05-07T18:53:37+00:00","og_image":[{"url":"http:\/\/agroplastex.com\/wp-content\/uploads\/2026\/05\/agro1.jpg"}],"twitter_card":"summary_large_image","twitter_misc":{"Tiempo de lectura":"2 minutos"},"schema":{"@context":"https:\/\/schema.org","@graph":[{"@type":"WebPage","@id":"https:\/\/agroplastex.com\/?page_id=621","url":"https:\/\/agroplastex.com\/?page_id=621","name":"Empresa - Quienes Somos","isPartOf":{"@id":"https:\/\/agroplastex.com\/#website"},"primaryImageOfPage":{"@id":"https:\/\/agroplastex.com\/?page_id=621#primaryimage"},"image":{"@id":"https:\/\/agroplastex.com\/?page_id=621#primaryimage"},"thumbnailUrl":"http:\/\/agroplastex.com\/wp-content\/uploads\/2026\/05\/agro1.jpg","datePublished":"2024-07-18T22:04:11+00:00","dateModified":"2026-05-07T18:53:37+00:00","description":"Somos una f\u00e1brica de bolsas de pl\u00e1stico, especializada en la producci\u00f3n de bolsas de polietileno y otros materiales de empaque y embalaje.","breadcrumb":{"@id":"https:\/\/agroplastex.com\/?page_id=621#breadcrumb"},"inLanguage":"es","potentialAction":[{"@type":"ReadAction","target":["https:\/\/agroplastex.com\/?page_id=621"]}]},{"@type":"ImageObject","inLanguage":"es","@id":"https:\/\/agroplastex.com\/?page_id=621#primaryimage","url":"https:\/\/agroplastex.com\/wp-content\/uploads\/2026\/05\/agro1.jpg","contentUrl":"https:\/\/agroplastex.com\/wp-content\/uploads\/2026\/05\/agro1.jpg","width":439,"height":625},{"@type":"BreadcrumbList","@id":"https:\/\/agroplastex.com\/?page_id=621#breadcrumb","itemListElement":[{"@type":"ListItem","position":1,"name":"Portada","item":"https:\/\/agroplastex.com\/"},{"@type":"ListItem","position":2,"name":"Empresa"}]},{"@type":"WebSite","@id":"https:\/\/agroplastex.com\/#website","url":"https:\/\/agroplastex.com\/","name":"Agroplastex","description":"","publisher":{"@id":"https:\/\/agroplastex.com\/#organization"},"potentialAction":[{"@type":"SearchAction","target":{"@type":"EntryPoint","urlTemplate":"https:\/\/agroplastex.com\/?s={search_term_string}"},"query-input":"required name=search_term_string"}],"inLanguage":"es"},{"@type":"Organization","@id":"https:\/\/agroplastex.com\/#organization","name":"Agroplastex","url":"https:\/\/agroplastex.com\/","logo":{"@type":"ImageObject","inLanguage":"es","@id":"https:\/\/agroplastex.com\/#\/schema\/logo\/image\/","url":"https:\/\/agroplastex.com\/wp-content\/uploads\/2024\/07\/cropped-agroplastex_logo2.jpg","contentUrl":"https:\/\/agroplastex.com\/wp-content\/uploads\/2024\/07\/cropped-agroplastex_logo2.jpg","width":475,"height":112,"caption":"Agroplastex"},"image":{"@id":"https:\/\/agroplastex.com\/#\/schema\/logo\/image\/"}}]}},"_links":{"self":[{"href":"https:\/\/agroplastex.com\/index.php?rest_route=\/wp\/v2\/pages\/621","targetHints":{"allow":["GET"]}}],"collection":[{"href":"https:\/\/agroplastex.com\/index.php?rest_route=\/wp\/v2\/pages"}],"about":[{"href":"https:\/\/agroplastex.com\/index.php?rest_route=\/wp\/v2\/types\/page"}],"author":[{"embeddable":true,"href":"https:\/\/agroplastex.com\/index.php?rest_route=\/wp\/v2\/users\/1"}],"replies":[{"embeddable":true,"href":"https:\/\/agroplastex.com\/index.php?rest_route=%2Fwp%2Fv2%2Fcomments&post=621"}],"version-history":[{"count":79,"href":"https:\/\/agroplastex.com\/index.php?rest_route=\/wp\/v2\/pages\/621\/revisions"}],"predecessor-version":[{"id":2772,"href":"https:\/\/agroplastex.com\/index.php?rest_route=\/wp\/v2\/pages\/621\/revisions\/2772"}],"wp:attachment":[{"href":"https:\/\/agroplastex.com\/index.php?rest_route=%2Fwp%2Fv2%2Fmedia&parent=621"}],"curies":[{"name":"wp","href":"https:\/\/api.w.org\/{rel}","templated":true}]}}